{"id":11,"date":"2014-10-04T14:49:12","date_gmt":"2014-10-04T14:49:12","guid":{"rendered":"http:\/\/hangar.mus.br\/site\/?page_id=11"},"modified":"2024-04-15T21:07:13","modified_gmt":"2024-04-15T21:07:13","slug":"fotos","status":"publish","type":"page","link":"https:\/\/hangar.mus.br\/website\/fotos\/","title":{"rendered":"Fotos"},"content":{"rendered":"<h1>Fotos<\/h1>\n<style type=\"text\/css\">.foogallery-album-gallery-list .foogallery-pile h3 { background: #fff !important; }.foogallery-album-gallery-list .foogallery-pile h3 { color: #000000 !important; }<\/style><div id=\"foogallery-album-3437\">\n\t<ul class=\"foogallery-album-gallery-list alignment-left\">\n\t\t\t\t\t\t<li>\n\t\t\t\t\t<div class=\"foogallery-pile\">\n\t\t\t\t\t\t<div class=\"foogallery-pile-inner\">\n\t\t\t\t\t\t\t<a href=\"https:\/\/hangar.mus.br\/website\/fotos\/gallery\/belo-horizonte-mg\" target=\"_self\">\n\t\t\t\t\t\t\t\t<img decoding=\"async\" src=\"https:\/\/hangar.mus.br\/website\/wp-content\/uploads\/cache\/2020\/07\/belo_horizonte-17-2\/3004966347.jpg\" alt=\"Hangar @ Music Hall, Belo Horizonte 2012\" title=\"Hangar @ Music Hall, Belo Horizonte 2012\" width=\"200\" height=\"200\" class=\"skip-lazy fg-image\" loading=\"eager\">\t\t\t\t\t\t\t\t\t\t\t\t\t\t\t\t<h3>Belo Horizonte\/MG\t\t\t\t\t\t\t\t\t<span>99 images<\/span>\n\t\t\t\t\t\t\t\t<\/h3>\n\t\t\t\t\t\t\t<\/a>\n\t\t\t\t\t\t<\/div>\n\t\t\t\t\t<\/div>\n\t\t\t\t<\/li>\n\t\t\t\t\t\t\t\t\t<li>\n\t\t\t\t\t<div class=\"foogallery-pile\">\n\t\t\t\t\t\t<div class=\"foogallery-pile-inner\">\n\t\t\t\t\t\t\t<a href=\"https:\/\/hangar.mus.br\/website\/fotos\/gallery\/porto-alegre-rs-opiniao-bar-2012\" target=\"_self\">\n\t\t\t\t\t\t\t\t<img decoding=\"async\" src=\"https:\/\/hangar.mus.br\/website\/wp-content\/uploads\/cache\/2020\/07\/hangar_opiniao_bar_2012-1-1\/2253114725.jpg\" alt=\"Hangar Opiniao Bar 2012 1\" title=\"Hangar Opiniao Bar 2012 1\" width=\"200\" height=\"200\" class=\"skip-lazy fg-image\" loading=\"eager\">\t\t\t\t\t\t\t\t\t\t\t\t\t\t\t\t<h3>Porto Alegre\/RS - Opini\u00e3o Bar 2012\t\t\t\t\t\t\t\t\t<span>45 images<\/span>\n\t\t\t\t\t\t\t\t<\/h3>\n\t\t\t\t\t\t\t<\/a>\n\t\t\t\t\t\t<\/div>\n\t\t\t\t\t<\/div>\n\t\t\t\t<\/li>\n\t\t\t\t\t\t\t\t\t<li>\n\t\t\t\t\t<div class=\"foogallery-pile\">\n\t\t\t\t\t\t<div class=\"foogallery-pile-inner\">\n\t\t\t\t\t\t\t<a href=\"https:\/\/hangar.mus.br\/website\/fotos\/gallery\/hangar-day-sao-paulo-blackmore-2012\" target=\"_self\">\n\t\t\t\t\t\t\t\t<img decoding=\"async\" src=\"https:\/\/hangar.mus.br\/website\/wp-content\/uploads\/cache\/2020\/07\/hangar_day_2012-27-1-1\/311708266.jpg\" alt=\"Hangar Day 2012 27 1\" title=\"Hangar Day 2012 27 1\" width=\"200\" height=\"200\" class=\"skip-lazy fg-image\" loading=\"eager\">\t\t\t\t\t\t\t\t\t\t\t\t\t\t\t\t<h3>Hangar Day - S\u00e3o Paulo - Blackmore 2012\t\t\t\t\t\t\t\t\t<span>27 images<\/span>\n\t\t\t\t\t\t\t\t<\/h3>\n\t\t\t\t\t\t\t<\/a>\n\t\t\t\t\t\t<\/div>\n\t\t\t\t\t<\/div>\n\t\t\t\t<\/li>\n\t\t\t\t\t\t\t\t\t<li>\n\t\t\t\t\t<div class=\"foogallery-pile\">\n\t\t\t\t\t\t<div class=\"foogallery-pile-inner\">\n\t\t\t\t\t\t\t<a href=\"https:\/\/hangar.mus.br\/website\/fotos\/gallery\/festa-do-lancamento-do-dvd-haunted-by-your-ghosts-in-ijui\" target=\"_self\">\n\t\t\t\t\t\t\t\t<img decoding=\"async\" src=\"https:\/\/hangar.mus.br\/website\/wp-content\/uploads\/cache\/2020\/07\/festa_dvd-38-1\/3000525722.jpg\" alt=\"Festa Dvd 38\" title=\"Festa Dvd 38\" width=\"200\" height=\"200\" class=\"skip-lazy fg-image\" loading=\"eager\">\t\t\t\t\t\t\t\t\t\t\t\t\t\t\t\t<h3>Festa do lan\u00e7amento do DVD &quot;Haunted by your Ghosts in Iju\u00ed&quot;\t\t\t\t\t\t\t\t\t<span>38 images<\/span>\n\t\t\t\t\t\t\t\t<\/h3>\n\t\t\t\t\t\t\t<\/a>\n\t\t\t\t\t\t<\/div>\n\t\t\t\t\t<\/div>\n\t\t\t\t<\/li>\n\t\t\t\t\t\t\t\t\t<li>\n\t\t\t\t\t<div class=\"foogallery-pile\">\n\t\t\t\t\t\t<div class=\"foogallery-pile-inner\">\n\t\t\t\t\t\t\t<a href=\"https:\/\/hangar.mus.br\/website\/fotos\/gallery\/gravacao-do-clip-based-on-a-true-story-no-estudio-fx-em-sao-paulo\" target=\"_self\">\n\t\t\t\t\t\t\t\t<img decoding=\"async\" src=\"https:\/\/hangar.mus.br\/website\/wp-content\/uploads\/cache\/2020\/07\/11-1-1\/1887345039.jpg\" alt=\"11 1\" title=\"11 1\" width=\"200\" height=\"200\" class=\"skip-lazy fg-image\" loading=\"eager\">\t\t\t\t\t\t\t\t\t\t\t\t\t\t\t\t<h3>Grava\u00e7\u00e3o do clip Based on a True Story no Est\u00fadio FX em S\u00e3o Paulo\t\t\t\t\t\t\t\t\t<span>46 images<\/span>\n\t\t\t\t\t\t\t\t<\/h3>\n\t\t\t\t\t\t\t<\/a>\n\t\t\t\t\t\t<\/div>\n\t\t\t\t\t<\/div>\n\t\t\t\t<\/li>\n\t\t\t\t\t\t\t\t\t<li>\n\t\t\t\t\t<div class=\"foogallery-pile\">\n\t\t\t\t\t\t<div class=\"foogallery-pile-inner\">\n\t\t\t\t\t\t\t<a href=\"https:\/\/hangar.mus.br\/website\/fotos\/gallery\/hangar-em-volta-redonda-rj-show-com-michael-polchowicz-2\" target=\"_self\">\n\t\t\t\t\t\t\t\t<img decoding=\"async\" src=\"https:\/\/hangar.mus.br\/website\/wp-content\/uploads\/cache\/2020\/07\/hangar_volta_redonda-11-1\/2913237562.jpg\" alt=\"Hangar Volta Redonda 11\" title=\"Hangar Volta Redonda 11\" width=\"200\" height=\"200\" class=\"skip-lazy fg-image\" loading=\"eager\">\t\t\t\t\t\t\t\t\t\t\t\t\t\t\t\t<h3>Hangar em Volta Redonda\/RJ - show com Michael Polchowicz\t\t\t\t\t\t\t\t\t<span>73 images<\/span>\n\t\t\t\t\t\t\t\t<\/h3>\n\t\t\t\t\t\t\t<\/a>\n\t\t\t\t\t\t<\/div>\n\t\t\t\t\t<\/div>\n\t\t\t\t<\/li>\n\t\t\t\t\t\t\t\t\t<li>\n\t\t\t\t\t<div class=\"foogallery-pile\">\n\t\t\t\t\t\t<div class=\"foogallery-pile-inner\">\n\t\t\t\t\t\t\t<a href=\"https:\/\/hangar.mus.br\/website\/fotos\/gallery\/hangar-no-blackmore-sp-show-com-michael-polchowicz\" target=\"_self\">\n\t\t\t\t\t\t\t\t<img decoding=\"async\" src=\"https:\/\/hangar.mus.br\/website\/wp-content\/uploads\/cache\/2020\/07\/27-2-1\/4289629036.jpg\" alt=\"27 2\" title=\"27 2\" width=\"200\" height=\"200\" class=\"skip-lazy fg-image\" loading=\"eager\">\t\t\t\t\t\t\t\t\t\t\t\t\t\t\t\t<h3>Hangar no Blackmore\/SP - show com Michael Polchowicz\t\t\t\t\t\t\t\t\t<span>27 images<\/span>\n\t\t\t\t\t\t\t\t<\/h3>\n\t\t\t\t\t\t\t<\/a>\n\t\t\t\t\t\t<\/div>\n\t\t\t\t\t<\/div>\n\t\t\t\t<\/li>\n\t\t\t\t\t\t\t\t\t<li>\n\t\t\t\t\t<div class=\"foogallery-pile\">\n\t\t\t\t\t\t<div class=\"foogallery-pile-inner\">\n\t\t\t\t\t\t\t<a href=\"https:\/\/hangar.mus.br\/website\/fotos\/gallery\/teatro-do-sesc-ijui-rs-gravacao-do-dvd\" target=\"_self\">\n\t\t\t\t\t\t\t\t<img decoding=\"async\" src=\"https:\/\/hangar.mus.br\/website\/wp-content\/uploads\/cache\/2020\/07\/dvd_ijui-1-1\/3276950598.jpg\" alt=\"Dvd Ijui 1\" title=\"Dvd Ijui 1\" width=\"200\" height=\"200\" class=\"skip-lazy fg-image\" loading=\"eager\">\t\t\t\t\t\t\t\t\t\t\t\t\t\t\t\t<h3>Teatro do Sesc - Iju\u00ed\/RS - Grava\u00e7\u00e3o do DVD\t\t\t\t\t\t\t\t\t<span>204 images<\/span>\n\t\t\t\t\t\t\t\t<\/h3>\n\t\t\t\t\t\t\t<\/a>\n\t\t\t\t\t\t<\/div>\n\t\t\t\t\t<\/div>\n\t\t\t\t<\/li>\n\t\t\t\t\t\t\t\t\t<li>\n\t\t\t\t\t<div class=\"foogallery-pile\">\n\t\t\t\t\t\t<div class=\"foogallery-pile-inner\">\n\t\t\t\t\t\t\t<a href=\"https:\/\/hangar.mus.br\/website\/fotos\/gallery\/hangar-em-volta-redonda-rj-show-com-michael-polchowicz\" target=\"_self\">\n\t\t\t\t\t\t\t\t<img decoding=\"async\" src=\"https:\/\/hangar.mus.br\/website\/wp-content\/uploads\/cache\/2020\/07\/hangar_volta_redonda_2-1-2\/3277638752.jpg\" alt=\"Hangar Volta Redonda 2 1\" title=\"Hangar Volta Redonda 2 1\" width=\"200\" height=\"200\" class=\"skip-lazy fg-image\" loading=\"eager\">\t\t\t\t\t\t\t\t\t\t\t\t\t\t\t\t<h3>Hangar em Volta Redonda\/RJ - show com Michael Polchowicz\t\t\t\t\t\t\t\t\t<span>73 images<\/span>\n\t\t\t\t\t\t\t\t<\/h3>\n\t\t\t\t\t\t\t<\/a>\n\t\t\t\t\t\t<\/div>\n\t\t\t\t\t<\/div>\n\t\t\t\t<\/li>\n\t\t\t\t\t\t\t\t\t<li>\n\t\t\t\t\t<div class=\"foogallery-pile\">\n\t\t\t\t\t\t<div class=\"foogallery-pile-inner\">\n\t\t\t\t\t\t\t<a href=\"https:\/\/hangar.mus.br\/website\/fotos\/gallery\/beholder-fest-diadema-sp-2\" target=\"_self\">\n\t\t\t\t\t\t\t\t<img decoding=\"async\" src=\"https:\/\/hangar.mus.br\/website\/wp-content\/uploads\/cache\/2020\/07\/beholder-37-1\/4170568438.jpg\" alt=\"Beholder 37\" title=\"Beholder 37\" width=\"200\" height=\"200\" class=\"skip-lazy fg-image\" loading=\"eager\">\t\t\t\t\t\t\t\t\t\t\t\t\t\t\t\t<h3>Beholder Fest - Diadema\/SP\t\t\t\t\t\t\t\t\t<span>59 images<\/span>\n\t\t\t\t\t\t\t\t<\/h3>\n\t\t\t\t\t\t\t<\/a>\n\t\t\t\t\t\t<\/div>\n\t\t\t\t\t<\/div>\n\t\t\t\t<\/li>\n\t\t\t\t\t\t\t\t\t<li>\n\t\t\t\t\t<div class=\"foogallery-pile\">\n\t\t\t\t\t\t<div class=\"foogallery-pile-inner\">\n\t\t\t\t\t\t\t<a href=\"https:\/\/hangar.mus.br\/website\/fotos\/gallery\/expomusic-2011-sao-paulo\" target=\"_self\">\n\t\t\t\t\t\t\t\t<img decoding=\"async\" src=\"https:\/\/hangar.mus.br\/website\/wp-content\/uploads\/cache\/2020\/07\/expomusic_2011-118-1\/774324747.jpg\" alt=\"Expomusic 2011 118\" title=\"Expomusic 2011 118\" width=\"200\" height=\"200\" class=\"skip-lazy fg-image\" loading=\"eager\">\t\t\t\t\t\t\t\t\t\t\t\t\t\t\t\t<h3>Expomusic 2011 - S\u00e3o Paulo\t\t\t\t\t\t\t\t\t<span>100 images<\/span>\n\t\t\t\t\t\t\t\t<\/h3>\n\t\t\t\t\t\t\t<\/a>\n\t\t\t\t\t\t<\/div>\n\t\t\t\t\t<\/div>\n\t\t\t\t<\/li>\n\t\t\t\t\t\t\t\t\t<li>\n\t\t\t\t\t<div class=\"foogallery-pile\">\n\t\t\t\t\t\t<div class=\"foogallery-pile-inner\">\n\t\t\t\t\t\t\t<a href=\"https:\/\/hangar.mus.br\/website\/fotos\/gallery\/dia-do-metal-carioca-club-sao-paulo\" target=\"_self\">\n\t\t\t\t\t\t\t\t<img decoding=\"async\" src=\"https:\/\/hangar.mus.br\/website\/wp-content\/uploads\/cache\/2020\/07\/dia_do_metal_2011-14-1\/1784675524.jpg\" alt=\"Dia Do Metal 2011 14\" title=\"Dia Do Metal 2011 14\" width=\"200\" height=\"200\" class=\"skip-lazy fg-image\" loading=\"eager\">\t\t\t\t\t\t\t\t\t\t\t\t\t\t\t\t<h3>Dia do Metal - Carioca Club S\u00e3o Paulo\t\t\t\t\t\t\t\t\t<span>36 images<\/span>\n\t\t\t\t\t\t\t\t<\/h3>\n\t\t\t\t\t\t\t<\/a>\n\t\t\t\t\t\t<\/div>\n\t\t\t\t\t<\/div>\n\t\t\t\t<\/li>\n\t\t\t\t\t\t\t\t\t<li>\n\t\t\t\t\t<div class=\"foogallery-pile\">\n\t\t\t\t\t\t<div class=\"foogallery-pile-inner\">\n\t\t\t\t\t\t\t<a href=\"https:\/\/hangar.mus.br\/website\/fotos\/gallery\/beholder-fest-diadema-sp\" target=\"_self\">\n\t\t\t\t\t\t\t\t<img decoding=\"async\" src=\"https:\/\/hangar.mus.br\/website\/wp-content\/uploads\/cache\/2020\/07\/beholder_fest-1-2\/1637555020.jpg\" alt=\"Beholder Fest 1\" title=\"Beholder Fest 1\" width=\"200\" height=\"200\" class=\"skip-lazy fg-image\" loading=\"eager\">\t\t\t\t\t\t\t\t\t\t\t\t\t\t\t\t<h3>Beholder Fest - Diadema\/SP\t\t\t\t\t\t\t\t\t<span>59 images<\/span>\n\t\t\t\t\t\t\t\t<\/h3>\n\t\t\t\t\t\t\t<\/a>\n\t\t\t\t\t\t<\/div>\n\t\t\t\t\t<\/div>\n\t\t\t\t<\/li>\n\t\t\t\t\t\t\t\t\t<li>\n\t\t\t\t\t<div class=\"foogallery-pile\">\n\t\t\t\t\t\t<div class=\"foogallery-pile-inner\">\n\t\t\t\t\t\t\t<a href=\"https:\/\/hangar.mus.br\/website\/fotos\/gallery\/hangar-day\" target=\"_self\">\n\t\t\t\t\t\t\t\t<img decoding=\"async\" src=\"https:\/\/hangar.mus.br\/website\/wp-content\/uploads\/cache\/2020\/07\/hangar-day-13-1\/1498900427.jpg\" alt=\"Hangar Day 13\" title=\"Hangar Day 13\" width=\"200\" height=\"200\" class=\"skip-lazy fg-image\" loading=\"eager\">\t\t\t\t\t\t\t\t\t\t\t\t\t\t\t\t<h3>Hangar Day\t\t\t\t\t\t\t\t\t<span>23 images<\/span>\n\t\t\t\t\t\t\t\t<\/h3>\n\t\t\t\t\t\t\t<\/a>\n\t\t\t\t\t\t<\/div>\n\t\t\t\t\t<\/div>\n\t\t\t\t<\/li>\n\t\t\t\t\t\t\t\t\t<li>\n\t\t\t\t\t<div class=\"foogallery-pile\">\n\t\t\t\t\t\t<div class=\"foogallery-pile-inner\">\n\t\t\t\t\t\t\t<a href=\"https:\/\/hangar.mus.br\/website\/fotos\/gallery\/making-of-dreaming-of-black-waves\" target=\"_self\">\n\t\t\t\t\t\t\t\t<img decoding=\"async\" src=\"https:\/\/hangar.mus.br\/website\/wp-content\/uploads\/cache\/2020\/07\/57-1\/2083530899.jpg\" alt=\"57\" title=\"57\" width=\"200\" height=\"200\" class=\"skip-lazy fg-image\" loading=\"eager\">\t\t\t\t\t\t\t\t\t\t\t\t\t\t\t\t<h3>Making of - Dreaming of Black Waves\t\t\t\t\t\t\t\t\t<span>57 images<\/span>\n\t\t\t\t\t\t\t\t<\/h3>\n\t\t\t\t\t\t\t<\/a>\n\t\t\t\t\t\t<\/div>\n\t\t\t\t\t<\/div>\n\t\t\t\t<\/li>\n\t\t\t\t\t\t\t\t\t<li>\n\t\t\t\t\t<div class=\"foogallery-pile\">\n\t\t\t\t\t\t<div class=\"foogallery-pile-inner\">\n\t\t\t\t\t\t\t<a href=\"https:\/\/hangar.mus.br\/website\/fotos\/gallery\/infallibus\" target=\"_self\">\n\t\t\t\t\t\t\t\t<img decoding=\"async\" src=\"https:\/\/hangar.mus.br\/website\/wp-content\/uploads\/cache\/2020\/07\/infallibus-1-1\/4019379014.jpg\" alt=\"Infallibus 1\" title=\"Infallibus 1\" width=\"200\" height=\"200\" class=\"skip-lazy fg-image\" loading=\"eager\">\t\t\t\t\t\t\t\t\t\t\t\t\t\t\t\t<h3>Infallibus\t\t\t\t\t\t\t\t\t<span>12 images<\/span>\n\t\t\t\t\t\t\t\t<\/h3>\n\t\t\t\t\t\t\t<\/a>\n\t\t\t\t\t\t<\/div>\n\t\t\t\t\t<\/div>\n\t\t\t\t<\/li>\n\t\t\t\t\t\t\t\t\t<li>\n\t\t\t\t\t<div class=\"foogallery-pile\">\n\t\t\t\t\t\t<div class=\"foogallery-pile-inner\">\n\t\t\t\t\t\t\t<a href=\"https:\/\/hangar.mus.br\/website\/fotos\/gallery\/fas-tatuados\" target=\"_self\">\n\t\t\t\t\t\t\t\t<img decoding=\"async\" src=\"https:\/\/hangar.mus.br\/website\/wp-content\/uploads\/cache\/2020\/07\/fastatuados-37-1\/2154700587.jpg\" alt=\"Fastatuados 37\" title=\"Fastatuados 37\" width=\"200\" height=\"200\" class=\"skip-lazy fg-image\" loading=\"eager\">\t\t\t\t\t\t\t\t\t\t\t\t\t\t\t\t<h3>F\u00e3s Tatuados\t\t\t\t\t\t\t\t\t<span>39 images<\/span>\n\t\t\t\t\t\t\t\t<\/h3>\n\t\t\t\t\t\t\t<\/a>\n\t\t\t\t\t\t<\/div>\n\t\t\t\t\t<\/div>\n\t\t\t\t<\/li>\n\t\t\t\t\t\t\t\t\t<li>\n\t\t\t\t\t<div class=\"foogallery-pile\">\n\t\t\t\t\t\t<div class=\"foogallery-pile-inner\">\n\t\t\t\t\t\t\t<a href=\"https:\/\/hangar.mus.br\/website\/fotos\/gallery\/anime-friends-sao-paulo-2008\" target=\"_self\">\n\t\t\t\t\t\t\t\t<img decoding=\"async\" src=\"https:\/\/hangar.mus.br\/website\/wp-content\/uploads\/cache\/2020\/07\/anime-friends-2008-1-1\/3001805924.jpg\" alt=\"Anime Friends 2008 1\" title=\"Anime Friends 2008 1\" width=\"200\" height=\"200\" class=\"skip-lazy fg-image\" loading=\"eager\">\t\t\t\t\t\t\t\t\t\t\t\t\t\t\t\t<h3>Anime Friends - S\u00e3o Paulo 2008\t\t\t\t\t\t\t\t\t<span>63 images<\/span>\n\t\t\t\t\t\t\t\t<\/h3>\n\t\t\t\t\t\t\t<\/a>\n\t\t\t\t\t\t<\/div>\n\t\t\t\t\t<\/div>\n\t\t\t\t<\/li>\n\t\t\t\t\t\t\t\t\t<li>\n\t\t\t\t\t<div class=\"foogallery-pile\">\n\t\t\t\t\t\t<div class=\"foogallery-pile-inner\">\n\t\t\t\t\t\t\t<a href=\"https:\/\/hangar.mus.br\/website\/fotos\/gallery\/sepultura-hangar-ao-vivo-em-sp\" target=\"_self\">\n\t\t\t\t\t\t\t\t<img decoding=\"async\" src=\"https:\/\/hangar.mus.br\/website\/wp-content\/uploads\/cache\/2020\/07\/hangar-e-sepultura-9\/837872260.jpg\" alt=\"Hangar E Sepultura\" title=\"Hangar E Sepultura\" width=\"200\" height=\"200\" class=\"skip-lazy fg-image\" loading=\"eager\">\t\t\t\t\t\t\t\t\t\t\t\t\t\t\t\t<h3>Sepultura &amp; Hangar Ao vivo em SP\t\t\t\t\t\t\t\t\t<span>53 images<\/span>\n\t\t\t\t\t\t\t\t<\/h3>\n\t\t\t\t\t\t\t<\/a>\n\t\t\t\t\t\t<\/div>\n\t\t\t\t\t<\/div>\n\t\t\t\t<\/li>\n\t\t\t\t\t\t\t\t\t<li>\n\t\t\t\t\t<div class=\"foogallery-pile\">\n\t\t\t\t\t\t<div class=\"foogallery-pile-inner\">\n\t\t\t\t\t\t\t<a href=\"https:\/\/hangar.mus.br\/website\/fotos\/gallery\/making-of-sepultura-hangar-ao-vivo-em-sp\" target=\"_self\">\n\t\t\t\t\t\t\t\t<img decoding=\"async\" src=\"https:\/\/hangar.mus.br\/website\/wp-content\/uploads\/cache\/2020\/07\/sepultura_making_of-9\/611772056.jpg\" alt=\"Sepultura Making Of\" title=\"Sepultura Making Of\" width=\"200\" height=\"200\" class=\"skip-lazy fg-image\" loading=\"eager\">\t\t\t\t\t\t\t\t\t\t\t\t\t\t\t\t<h3>Making of - Sepultura &amp; Hangar Ao vivo em SP\t\t\t\t\t\t\t\t\t<span>49 images<\/span>\n\t\t\t\t\t\t\t\t<\/h3>\n\t\t\t\t\t\t\t<\/a>\n\t\t\t\t\t\t<\/div>\n\t\t\t\t\t<\/div>\n\t\t\t\t<\/li>\n\t\t\t\t\t\t\t\t\t<li>\n\t\t\t\t\t<div class=\"foogallery-pile\">\n\t\t\t\t\t\t<div class=\"foogallery-pile-inner\">\n\t\t\t\t\t\t\t<a href=\"https:\/\/hangar.mus.br\/website\/fotos\/gallery\/ao-vivo-no-parana\" target=\"_self\">\n\t\t\t\t\t\t\t\t<img decoding=\"async\" src=\"https:\/\/hangar.mus.br\/website\/wp-content\/uploads\/cache\/2020\/07\/parana-29-1\/3032155257.jpg\" alt=\"Parana 29\" title=\"Parana 29\" width=\"200\" height=\"200\" class=\"skip-lazy fg-image\" loading=\"eager\">\t\t\t\t\t\t\t\t\t\t\t\t\t\t\t\t<h3>Ao vivo no Paran\u00e1\t\t\t\t\t\t\t\t\t<span>29 images<\/span>\n\t\t\t\t\t\t\t\t<\/h3>\n\t\t\t\t\t\t\t<\/a>\n\t\t\t\t\t\t<\/div>\n\t\t\t\t\t<\/div>\n\t\t\t\t<\/li>\n\t\t\t\t\t\t\t\t\t<li>\n\t\t\t\t\t<div class=\"foogallery-pile\">\n\t\t\t\t\t\t<div class=\"foogallery-pile-inner\">\n\t\t\t\t\t\t\t<a href=\"https:\/\/hangar.mus.br\/website\/fotos\/gallery\/ao-vivo-no-emt\" target=\"_self\">\n\t\t\t\t\t\t\t\t<img decoding=\"async\" src=\"https:\/\/hangar.mus.br\/website\/wp-content\/uploads\/cache\/2020\/07\/emt-27-1\/1082498837.jpg\" alt=\"Emt 27\" title=\"Emt 27\" width=\"200\" height=\"200\" class=\"skip-lazy fg-image\" loading=\"eager\">\t\t\t\t\t\t\t\t\t\t\t\t\t\t\t\t<h3>Ao vivo no EMT\t\t\t\t\t\t\t\t\t<span>27 images<\/span>\n\t\t\t\t\t\t\t\t<\/h3>\n\t\t\t\t\t\t\t<\/a>\n\t\t\t\t\t\t<\/div>\n\t\t\t\t\t<\/div>\n\t\t\t\t<\/li>\n\t\t\t\t\t\t\t\t\t<li>\n\t\t\t\t\t<div class=\"foogallery-pile\">\n\t\t\t\t\t\t<div class=\"foogallery-pile-inner\">\n\t\t\t\t\t\t\t<a href=\"https:\/\/hangar.mus.br\/website\/fotos\/gallery\/dream-theater-e-hangar-sao-paulo\" target=\"_self\">\n\t\t\t\t\t\t\t\t<img decoding=\"async\" src=\"https:\/\/hangar.mus.br\/website\/wp-content\/uploads\/cache\/2020\/07\/dream-theater-26-1\/909213065.jpg\" alt=\"Dream Theater 26\" title=\"Dream Theater 26\" width=\"200\" height=\"200\" class=\"skip-lazy fg-image\" loading=\"eager\">\t\t\t\t\t\t\t\t\t\t\t\t\t\t\t\t<h3>Dream Theater e Hangar - S\u00e3o Paulo\t\t\t\t\t\t\t\t\t<span>26 images<\/span>\n\t\t\t\t\t\t\t\t<\/h3>\n\t\t\t\t\t\t\t<\/a>\n\t\t\t\t\t\t<\/div>\n\t\t\t\t\t<\/div>\n\t\t\t\t<\/li>\n\t\t\t\t\t\t\t\t\t<li>\n\t\t\t\t\t<div class=\"foogallery-pile\">\n\t\t\t\t\t\t<div class=\"foogallery-pile-inner\">\n\t\t\t\t\t\t\t<a href=\"https:\/\/hangar.mus.br\/website\/fotos\/gallery\/na-estrada\" target=\"_self\">\n\t\t\t\t\t\t\t\t<img decoding=\"async\" src=\"https:\/\/hangar.mus.br\/website\/wp-content\/uploads\/cache\/2020\/07\/on_the_road-20-1\/1815947203.jpg\" alt=\"Olympus Digital Camera\" title=\"Olympus Digital Camera\" width=\"200\" height=\"200\" class=\"skip-lazy fg-image\" loading=\"eager\">\t\t\t\t\t\t\t\t\t\t\t\t\t\t\t\t<h3>Na Estrada\t\t\t\t\t\t\t\t\t<span>20 images<\/span>\n\t\t\t\t\t\t\t\t<\/h3>\n\t\t\t\t\t\t\t<\/a>\n\t\t\t\t\t\t<\/div>\n\t\t\t\t\t<\/div>\n\t\t\t\t<\/li>\n\t\t\t\t\t\t\t\t\t<li>\n\t\t\t\t\t<div class=\"foogallery-pile\">\n\t\t\t\t\t\t<div class=\"foogallery-pile-inner\">\n\t\t\t\t\t\t\t<a href=\"https:\/\/hangar.mus.br\/website\/fotos\/gallery\/expomusic-2007-sao-paulo\" target=\"_self\">\n\t\t\t\t\t\t\t\t<img decoding=\"async\" src=\"https:\/\/hangar.mus.br\/website\/wp-content\/uploads\/cache\/2020\/07\/expomusic-2007-16-1\/1734990601.jpg\" alt=\"Expomusic 2007 16\" title=\"Expomusic 2007 16\" width=\"200\" height=\"200\" class=\"skip-lazy fg-image\" loading=\"eager\">\t\t\t\t\t\t\t\t\t\t\t\t\t\t\t\t<h3>Expomusic 2007 - S\u00e3o Paulo\t\t\t\t\t\t\t\t\t<span>16 images<\/span>\n\t\t\t\t\t\t\t\t<\/h3>\n\t\t\t\t\t\t\t<\/a>\n\t\t\t\t\t\t<\/div>\n\t\t\t\t\t<\/div>\n\t\t\t\t<\/li>\n\t\t\t\t\t\t\t\t\t<li>\n\t\t\t\t\t<div class=\"foogallery-pile\">\n\t\t\t\t\t\t<div class=\"foogallery-pile-inner\">\n\t\t\t\t\t\t\t<a href=\"https:\/\/hangar.mus.br\/website\/fotos\/gallery\/making-of-call-me-in-the-name-of-death\" target=\"_self\">\n\t\t\t\t\t\t\t\t<img decoding=\"async\" src=\"https:\/\/hangar.mus.br\/website\/wp-content\/uploads\/cache\/2020\/07\/making-of-call-me-13-1\/2008303847.jpg\" alt=\"Making Of Call Me 13\" title=\"Making Of Call Me 13\" width=\"200\" height=\"200\" class=\"skip-lazy fg-image\" loading=\"eager\">\t\t\t\t\t\t\t\t\t\t\t\t\t\t\t\t<h3>Making of - Call me in the name of death\t\t\t\t\t\t\t\t\t<span>21 images<\/span>\n\t\t\t\t\t\t\t\t<\/h3>\n\t\t\t\t\t\t\t<\/a>\n\t\t\t\t\t\t<\/div>\n\t\t\t\t\t<\/div>\n\t\t\t\t<\/li>\n\t\t\t\t\t\t\t\t\t<li>\n\t\t\t\t\t<div class=\"foogallery-pile\">\n\t\t\t\t\t\t<div class=\"foogallery-pile-inner\">\n\t\t\t\t\t\t\t<a href=\"https:\/\/hangar.mus.br\/website\/fotos\/gallery\/promocionais-individuais-2007-cd-troyc\" target=\"_self\">\n\t\t\t\t\t\t\t\t<img decoding=\"async\" src=\"https:\/\/hangar.mus.br\/website\/wp-content\/uploads\/cache\/2020\/07\/promo-troyc-25-1\/2901066655.jpg\" alt=\"Promo Troyc 25\" title=\"Promo Troyc 25\" width=\"200\" height=\"200\" class=\"skip-lazy fg-image\" loading=\"eager\">\t\t\t\t\t\t\t\t\t\t\t\t\t\t\t\t<h3>Promocionais - Individuais 2007 - Cd TROYC\t\t\t\t\t\t\t\t\t<span>28 images<\/span>\n\t\t\t\t\t\t\t\t<\/h3>\n\t\t\t\t\t\t\t<\/a>\n\t\t\t\t\t\t<\/div>\n\t\t\t\t\t<\/div>\n\t\t\t\t<\/li>\n\t\t\t\t\t\t\t\t\t<li>\n\t\t\t\t\t<div class=\"foogallery-pile\">\n\t\t\t\t\t\t<div class=\"foogallery-pile-inner\">\n\t\t\t\t\t\t\t<a href=\"https:\/\/hangar.mus.br\/website\/fotos\/gallery\/sala-das-mascaras-sao-paulo-2007\" target=\"_self\">\n\t\t\t\t\t\t\t\t<img decoding=\"async\" src=\"https:\/\/hangar.mus.br\/website\/wp-content\/uploads\/cache\/2020\/07\/sala-das-mascaras-7\/2111368838.jpg\" alt=\"Sala Das Mascaras\" title=\"Sala Das Mascaras\" width=\"200\" height=\"200\" class=\"skip-lazy fg-image\" loading=\"eager\">\t\t\t\t\t\t\t\t\t\t\t\t\t\t\t\t<h3>Sala das M\u00e1scaras - S\u00e3o Paulo 2007\t\t\t\t\t\t\t\t\t<span>7 images<\/span>\n\t\t\t\t\t\t\t\t<\/h3>\n\t\t\t\t\t\t\t<\/a>\n\t\t\t\t\t\t<\/div>\n\t\t\t\t\t<\/div>\n\t\t\t\t<\/li>\n\t\t\t\t\t\t\t\t\t<li>\n\t\t\t\t\t<div class=\"foogallery-pile\">\n\t\t\t\t\t\t<div class=\"foogallery-pile-inner\">\n\t\t\t\t\t\t\t<a href=\"https:\/\/hangar.mus.br\/website\/fotos\/gallery\/audicao-do-cd-troyc-sao-paulo-2007\" target=\"_self\">\n\t\t\t\t\t\t\t\t<img decoding=\"async\" src=\"https:\/\/hangar.mus.br\/website\/wp-content\/uploads\/cache\/2020\/07\/audicao-troyc-9\/320303124.jpg\" alt=\"Audicao Troyc\" title=\"Audicao Troyc\" width=\"200\" height=\"200\" class=\"skip-lazy fg-image\" loading=\"eager\">\t\t\t\t\t\t\t\t\t\t\t\t\t\t\t\t<h3>Audi\u00e7\u00e3o do cd TROYC - S\u00e3o Paulo 2007\t\t\t\t\t\t\t\t\t<span>11 images<\/span>\n\t\t\t\t\t\t\t\t<\/h3>\n\t\t\t\t\t\t\t<\/a>\n\t\t\t\t\t\t<\/div>\n\t\t\t\t\t<\/div>\n\t\t\t\t<\/li>\n\t\t\t\t\t\t\t\t\t<li>\n\t\t\t\t\t<div class=\"foogallery-pile\">\n\t\t\t\t\t\t<div class=\"foogallery-pile-inner\">\n\t\t\t\t\t\t\t<a href=\"https:\/\/hangar.mus.br\/website\/fotos\/gallery\/em-estudio-2006-2007-troyc-gravacao-em-sp-e-mixagem-na-alemanha\" target=\"_self\">\n\t\t\t\t\t\t\t\t<img decoding=\"async\" src=\"https:\/\/hangar.mus.br\/website\/wp-content\/uploads\/cache\/2020\/07\/gravacao-troyc-20-1\/4183852361.jpg\" alt=\"Gravacao Troyc 20\" title=\"Gravacao Troyc 20\" width=\"200\" height=\"200\" class=\"skip-lazy fg-image\" loading=\"eager\">\t\t\t\t\t\t\t\t\t\t\t\t\t\t\t\t<h3>Em Est\u00fadio - 2006\/2007 - TROYC - Grava\u00e7\u00e3o em SP e Mixagem na Alemanha\t\t\t\t\t\t\t\t\t<span>20 images<\/span>\n\t\t\t\t\t\t\t\t<\/h3>\n\t\t\t\t\t\t\t<\/a>\n\t\t\t\t\t\t<\/div>\n\t\t\t\t\t<\/div>\n\t\t\t\t<\/li>\n\t\t\t\t\t\t\t\t\t<li>\n\t\t\t\t\t<div class=\"foogallery-pile\">\n\t\t\t\t\t\t<div class=\"foogallery-pile-inner\">\n\t\t\t\t\t\t\t<a href=\"https:\/\/hangar.mus.br\/website\/fotos\/gallery\/ao-vivo-2004-2005-shows-em-sao-paulo-e-caruaru\" target=\"_self\">\n\t\t\t\t\t\t\t\t<img decoding=\"async\" src=\"https:\/\/hangar.mus.br\/website\/wp-content\/uploads\/cache\/2020\/07\/ao-vivo-2004-2005-28-1\/783080429.jpg\" alt=\"Ao Vivo 2004 2005 28\" title=\"Ao Vivo 2004 2005 28\" width=\"200\" height=\"200\" class=\"skip-lazy fg-image\" loading=\"eager\">\t\t\t\t\t\t\t\t\t\t\t\t\t\t\t\t<h3>Ao vivo - 2004\/2005 - Shows em S\u00e3o Paulo e Caruaru\t\t\t\t\t\t\t\t\t<span>28 images<\/span>\n\t\t\t\t\t\t\t\t<\/h3>\n\t\t\t\t\t\t\t<\/a>\n\t\t\t\t\t\t<\/div>\n\t\t\t\t\t<\/div>\n\t\t\t\t<\/li>\n\t\t\t\t\t\t\t\t\t<li>\n\t\t\t\t\t<div class=\"foogallery-pile\">\n\t\t\t\t\t\t<div class=\"foogallery-pile-inner\">\n\t\t\t\t\t\t\t<a href=\"https:\/\/hangar.mus.br\/website\/fotos\/gallery\/pre-producao-do-cd-troyc\" target=\"_self\">\n\t\t\t\t\t\t\t\t<img decoding=\"async\" src=\"https:\/\/hangar.mus.br\/website\/wp-content\/uploads\/cache\/2020\/07\/pre-producao-troyc-14-1\/2173064809.jpg\" alt=\"Pre Producao Troyc 14\" title=\"Pre Producao Troyc 14\" width=\"200\" height=\"200\" class=\"skip-lazy fg-image\" loading=\"eager\">\t\t\t\t\t\t\t\t\t\t\t\t\t\t\t\t<h3>Pr\u00e9 produ\u00e7\u00e3o do cd TROYC\t\t\t\t\t\t\t\t\t<span>14 images<\/span>\n\t\t\t\t\t\t\t\t<\/h3>\n\t\t\t\t\t\t\t<\/a>\n\t\t\t\t\t\t<\/div>\n\t\t\t\t\t<\/div>\n\t\t\t\t<\/li>\n\t\t\t\t\t\t\t\t\t<li>\n\t\t\t\t\t<div class=\"foogallery-pile\">\n\t\t\t\t\t\t<div class=\"foogallery-pile-inner\">\n\t\t\t\t\t\t\t<a href=\"https:\/\/hangar.mus.br\/website\/fotos\/gallery\/diversas\" target=\"_self\">\n\t\t\t\t\t\t\t\t<img decoding=\"async\" src=\"https:\/\/hangar.mus.br\/website\/wp-content\/uploads\/cache\/2020\/07\/diversas-1-1\/2709268356.jpg\" alt=\"Diversas 1\" title=\"Diversas 1\" width=\"200\" height=\"200\" class=\"skip-lazy fg-image\" loading=\"eager\">\t\t\t\t\t\t\t\t\t\t\t\t\t\t\t\t<h3>Diversas\t\t\t\t\t\t\t\t\t<span>56 images<\/span>\n\t\t\t\t\t\t\t\t<\/h3>\n\t\t\t\t\t\t\t<\/a>\n\t\t\t\t\t\t<\/div>\n\t\t\t\t\t<\/div>\n\t\t\t\t<\/li>\n\t\t\t\t\t\t<\/ul>\n\t<div style=\"clear: both;\"><\/div>\n<\/div>\n\n","protected":false},"excerpt":{"rendered":"<p>Fotos<\/p>\n","protected":false},"author":1,"featured_media":0,"parent":0,"menu_order":0,"comment_status":"open","ping_status":"open","template":"page-one-sidebar.php","meta":{"footnotes":""},"class_list":["post-11","page","type-page","status-publish","hentry"],"_links":{"self":[{"href":"https:\/\/hangar.mus.br\/website\/wp-json\/wp\/v2\/pages\/11","targetHints":{"allow":["GET"]}}],"collection":[{"href":"https:\/\/hangar.mus.br\/website\/wp-json\/wp\/v2\/pages"}],"about":[{"href":"https:\/\/hangar.mus.br\/website\/wp-json\/wp\/v2\/types\/page"}],"author":[{"embeddable":true,"href":"https:\/\/hangar.mus.br\/website\/wp-json\/wp\/v2\/users\/1"}],"replies":[{"embeddable":true,"href":"https:\/\/hangar.mus.br\/website\/wp-json\/wp\/v2\/comments?post=11"}],"version-history":[{"count":1,"href":"https:\/\/hangar.mus.br\/website\/wp-json\/wp\/v2\/pages\/11\/revisions"}],"predecessor-version":[{"id":3517,"href":"https:\/\/hangar.mus.br\/website\/wp-json\/wp\/v2\/pages\/11\/revisions\/3517"}],"wp:attachment":[{"href":"https:\/\/hangar.mus.br\/website\/wp-json\/wp\/v2\/media?parent=11"}],"curies":[{"name":"wp","href":"https:\/\/api.w.org\/{rel}","templated":true}]}}