{"id":9,"date":"2014-10-04T14:48:52","date_gmt":"2014-10-04T14:48:52","guid":{"rendered":"http:\/\/hangar.mus.br\/site\/?page_id=9"},"modified":"2014-10-04T14:48:52","modified_gmt":"2014-10-04T14:48:52","slug":"discografia","status":"publish","type":"page","link":"https:\/\/hangar.mus.br\/website\/discografia\/","title":{"rendered":"Discografia"},"content":{"rendered":"<h1>Discografia<\/h1>\n<p><a href=\"http:\/\/www.diehard.com.br\/detalhe_produto.php?codProd=lUyCMzczOTQ=\" target=\"_blank\" rel=\"noopener noreferrer\"><img decoding=\"async\" class=\"alignright\" title=\"Hangar-Stronger-Than-Ever-baixa\" src=\"http:\/\/hangar.mus.br\/website\/wp-content\/uploads\/2019\/02\/Capa-DVD-Hangar.jpg\" alt=\"\" width=\"138\" height=\"\" \/><\/a><strong>HANGAR LIVE IN BRUSQUE\/SC, BRAZIL \u2013 DVD<\/strong><\/p>\n<p>DVD 1:<br \/>\n01. The Sounds of our Story<br \/>\n02. Reality is a Prison<br \/>\n03. The Revenant<br \/>\n04. Forgive the Pain<br \/>\n05. The Infallible Emperor (1956)<br \/>\n06. Beauty in Disrepair<br \/>\n07. To Tame a Land<br \/>\n08. Forest of Forgotten<br \/>\n09. One More Chance<br \/>\n10. Just Like Heaven<br \/>\n11. Call me in the Name of Death<br \/>\n12. Based on a True Story<br \/>\n13. Time to Forget<br \/>\n14. A Letter from 1997 (MHJ)<br \/>\n15. Haunted by your Ghosts<br \/>\n16. Hastiness<br \/>\n17. Just the Beginning<br \/>\n18. The Reason of your Conviction<\/p>\n<p>DVD 2:<br \/>\n. Making of do DVD e dos Clipes Reality is a Prison e Just Like Heaven<br \/>\n. Entrevistas<br \/>\n. Clipes: Reality is a Prison e Just Like Heaven<\/p>\n<p><img decoding=\"async\" src=\"http:\/\/hangar.mus.br\/website\/wp-content\/themes\/jduartedesign\/images\/lined_broken.png\" alt=\"\" width=\"100%\"\/><\/p>\n<p><a href=\"http:\/\/diehard.com.br\/detalhe_produto.php?codProd=fBkNMzY4OTE=\" target=\"_blank\" rel=\"noopener noreferrer\"><img loading=\"lazy\" decoding=\"async\" class=\"alignright size-medium wp-image-1150\" title=\"Hangar-Stronger-Than-Ever-baixa\" src=\"http:\/\/hangar.mus.br\/website\/wp-content\/uploads\/2014\/10\/Hangar-Stronger-Than-Ever-baixa-300x300.jpg\" alt=\"\" width=\"138\" height=\"138\" \/><\/a><strong>STRONG THAN EVER &#8211; 2016<\/strong><\/p>\n<p>01. Reality Is A Prison<br \/>\n02. The Revenant<br \/>\n03. Forest Of Forgotten<br \/>\n04. A Letter From 1997<br \/>\n05. Just Like Heaven<br \/>\n06. The Silence Of Innocent<br \/>\n07. Beauty In Disrepair<br \/>\n08. We Keep Running The Course<br \/>\n09. The Hangar Of Hannibal<br \/>\n10. Just Like Heaven (Acoustic Version)<\/p>\n<p><img decoding=\"async\" src=\"http:\/\/hangar.mus.br\/website\/wp-content\/themes\/jduartedesign\/images\/lined_broken.png\" alt=\"\" width=\"100%\"\/><\/p>\n<p><a href=\"http:\/\/www.diehard.com.br\/lojaweb\/detalhes.asp?codprod=33551&amp;codtipo=4\" target=\"_blank\" rel=\"noopener noreferrer\"><img loading=\"lazy\" decoding=\"async\" class=\"alignright size-medium wp-image-609\" src=\"http:\/\/hangar.mus.br\/website\/wp-content\/uploads\/2014\/11\/CAPA-HANGAR-BEST.jpg\" alt=\"\" width=\"138\" height=\"138\" \/><\/a><strong>THE BEST OF 15 YEARS, BASED ON A TRUE STORY &#8211; 2014<\/strong><\/p>\n<p>CD 1:<br \/>\nLet me Know Who I Am<br \/>\nThe Dark Passenger<br \/>\nDenied<br \/>\nBetrayer<br \/>\nTo Tame a Land<br \/>\nForgotten Pictures<br \/>\nThe Infallible Emperor (1956)<br \/>\nCaptivity (A House with a Thousand Rooms)<br \/>\nA Miracle in my Life<br \/>\nForgive the Pain<br \/>\nSome Light to Find my Way<br \/>\nHastiness<br \/>\nWhen the Darkness Takes You<br \/>\nJust the Beginning<br \/>\nThe Reason of Your Conviction<\/p>\n<p>CD 2:<br \/>\nDreaming of Black Waves<br \/>\nBased on a True Story (Acoustic Version)<br \/>\nCall me in the Name of Death<br \/>\nSolitary Mind (Acoustic Version)<br \/>\nTime to Forget<br \/>\nOne More Chance (Acoustic Version)<br \/>\nHaunted by Your Ghosts<br \/>\nYour Skin and Bones (Acoustic Version)<br \/>\nSavior<br \/>\nColorblind<br \/>\nLegions of Fate<br \/>\nAngel of the Stereo (Acoustic Version)<br \/>\nFalling in Disgrace<br \/>\nLike a Wind in the Sky<br \/>\nInside Your Soul<\/p>\n<p>Aquiles Priester \u2013 bateria<br \/>\nNando Mello \u2013 baixo<br \/>\nEduardo Martinez \u2013 guitarra<br \/>\nF\u00e1bio Laguna \u2013 teclado<br \/>\nCristiano Wortmann \u2013 guitarra<br \/>\nPedro Campos \u2013 vocal<\/p>\n<p>\u201cLet me know who I am\u201d, \u201cThe Dark Passenger\u201d, \u201cDenied, Betrayer\u201d, \u201cTo Tame a Land\u201d and \u201cForgotten Pictures\u201d<br \/>\nProduzido por Aquiles Priester<br \/>\nCo-Produzido por Nando Mello e Cristiano Wortmann<br \/>\nMixado e masterizado por Adair Daufembach em Daufembach Studio, S\u00e3o Paulo \/ SP, Brasil, em setembro 2014<br \/>\nBateria gravada no est\u00fadio Mr. Som por Marcello Pompeu no Mr. Som Studio, S\u00e3o Paulo \/ SP, Brasil, em abril 2013<br \/>\nGuitarras e baixos registrados por Mateus Borges em \u00c1udio Farm Studio, Porto Alegre \/ RS, Brasil em setembro de 2013<br \/>\nTodos os vocais e guitarras e baixos adicionais gravadas por Guga Munhoz em Munhoz Studio, Porto Alegre \/ RS, Brasil, de mar\u00e7o at\u00e9 abril 2014<br \/>\nAssistido por Marcos Fucks<br \/>\nConvidado Especial: Luiz Fernando Venturelli &#8211; Violoncelo em &#8220;Let me know who I am&#8221;<br \/>\nArte da capa por Luciano Sorrentino<br \/>\nEncarte por Jo\u00e3o Duarte<br \/>\nFotos por Nat\u00e1lia Lett<\/p>\n<p>S\u00e3o 17 anos de uma hist\u00f3ria que j\u00e1 rendeu quatro discos de est\u00fadio, um \u00e1lbum ac\u00fastico e um DVD ac\u00fastico e ao vivo, al\u00e9m de uma infinidade de aclamados shows por todo o pa\u00eds. Certamente, o Hangar alcan\u00e7ou as conquistas que seu criador, o baterista Aquiles Priester, planejava no long\u00ednquo 1997, quando, ainda morando em Porto Alegre (RS), montou a banda. Afinal, Aquiles nunca foi de pensar pequeno. Sua experi\u00eancia como homem de marketing numa multinacional permitiu que planejasse os passos da banda sempre buscando formas de se destacar na multid\u00e3o, a exemplo do \u00f4nibus personalizado em que a banda viajou a v\u00e1rias cidades brasileiras, levando seu show completo a locais que jamais imaginariam ter esse privil\u00e9gio.<\/p>\n<p>O resultado disso tem um nome simples e curto: hist\u00f3ria. Sim, o Hangar tem uma longa e rica hist\u00f3ria dentro do heavy metal brasileiro e parte dela est\u00e1 sendo contada atrav\u00e9s do mais novo lan\u00e7amento do grupo, o CD duplo \u201cThe Best Of 15 Years, Based On A True Story\u2026\u201d. Como o nome indica e entrega, o \u00e1lbum traz um apanhado dos trabalhos lan\u00e7ados pela banda, discografia que come\u00e7ou com \u201cLast Time\u201d (1999) \u2013 da\u00ed os 15 anos do t\u00edtulo -, trabalho que seria relan\u00e7ado em 2008 acompanhado de um DVD biogr\u00e1fico.<\/p>\n<p>As trinta faixas da compila\u00e7\u00e3o n\u00e3o s\u00f3 abrangem todos os discos do Hangar como permitem acompanhar o trabalho dos vocalistas que passaram pela banda: Michael Polchowicz, que gravou \u201cLast Time\u201d e \u201cInside Your Soul\u201d, de 2001; Nando Fernandes, que participou de \u201cThe Reason Of Your Conviction\u201d, de 2007; Humberto Sobrinho, respons\u00e1vel pelas vozes de \u201cInfalible\u201d, de 2009; e Andr\u00e9 Leite, que est\u00e1 em \u201cAcoustic, But Plugged In!\u201d, de 2011.<\/p>\n<p>Por\u00e9m, \u201cThe Best Of 15 Years \u2013 Based On A True Story\u201d n\u00e3o \u00e9 simplesmente uma compila\u00e7\u00e3o como tantas que aparecem por a\u00ed, j\u00e1 que traz complemento mais que especial: quatro faixas in\u00e9ditas com o novo vocalista, Pedro Campos, que tamb\u00e9m regravou as faixas \u201cTo Tame A Land\u201d e \u201cForgotten Pictures\u201d. Quer mais? Pois tem: o disco marca ainda a volta \u00e0 banda do guitarrista Cristiano Wortmann, que fundou o Hangar com Aquiles nos hoje quase jur\u00e1ssicos anos 90. E voltou mostrando servi\u00e7o, j\u00e1 que assina, juntamente com Aquiles, as quatro faixas in\u00e9ditas.<\/p>\n<p>\u201cThe Best Of 15 Years, Based On A True Story\u2026\u201d \u00e9 mais que uma colet\u00e2nea. \u00c9 a prova definitiva de que \u00e9 poss\u00edvel fazer hist\u00f3ria no rock pesado brasileiro mesmo sem o apoio de grandes corpora\u00e7\u00f5es. A garra, o talento e a determina\u00e7\u00e3o da banda escreveram a hist\u00f3ria que hoje \u00e9 contada nesse disco. Que n\u00e3o termina com \u201cfim\u201d, mas com \u201ccontinua\u201d.<\/p>\n<p>Antonio Carlos Monteiro (jornalista, m\u00fasico e cr\u00edtico musical)<\/p>\n<p><img decoding=\"async\" src=\"http:\/\/hangar.mus.br\/website\/wp-content\/themes\/jduartedesign\/images\/lined_broken.png\" alt=\"\" width=\"100%\"\/><\/p>\n<p><a href=\"https:\/\/www.diehard.com.br\/detalhe_produto.php?codProd=tAhHMjczOTE=\" target=\"_blank\" rel=\"noopener noreferrer\"><img decoding=\"async\" class=\"alignright\" title=\"Hangar-Stronger-Than-Ever-baixa\" src=\"http:\/\/hangar.mus.br\/website\/wp-content\/uploads\/2019\/02\/download.jpg\" alt=\"\" width=\"138\" height=\"\" \/><\/a><strong>HAUNTED BY YOUR GHOSTS IN IJUI\/RS: ACOUSTIC, BUT PLUGGED IN AND LIVE! &#8211; DVD<\/strong><\/p>\n<p>01. One More Chance<br \/>\n02. The Reason of Your Conviction<br \/>\n03. Angel of Stereo<br \/>\n04. Colorblind<br \/>\n05. The Infallible Emperor (1956)<br \/>\n06. Your Skin and Bones<br \/>\n07. Solitary Mind<br \/>\n08. Based on a True Story<br \/>\n09. Haunted by Your Ghosts<br \/>\n10. Time to Forget<br \/>\n11. Dreaming of Black Waves<br \/>\n12. Call Me in the Name of Death<br \/>\n13. To Tame a Land<br \/>\n14. Forgive the Pain<br \/>\n15. Inside Your Soul<\/p>\n<p>Extras:<br \/>\n. Making of Haunted by Your Ghosts in Ijui-RS: Acoustic, But Plugged in and Live!<br \/>\n. Interviews<br \/>\n. Photo Gallery<br \/>\n. Video Clip and Making of (Haunted by Your Ghosts and Based on a True Story)<br \/>\n. Bonus Material<\/p>\n<p><img decoding=\"async\" src=\"http:\/\/hangar.mus.br\/website\/wp-content\/themes\/jduartedesign\/images\/lined_broken.png\" alt=\"\" width=\"100%\"\/><\/p>\n<p><a href=\"http:\/\/www.diehard.com.br\/lojaweb\/detalhes.asp?codprod=25936&amp;codtipo=1\" target=\"_blank\" rel=\"noopener noreferrer\"><img loading=\"lazy\" decoding=\"async\" class=\"alignright size-medium wp-image-609\" src=\"http:\/\/hangar.mus.br\/website\/wp-content\/uploads\/2014\/10\/capa_acoustic.jpg\" alt=\"\" width=\"138\" height=\"138\" \/><\/a><strong>ACOUSTIC, BUT PLUGGED IN &#8211; 2011<\/strong><\/p>\n<p>01. One More Chance \u2013 4:45<br \/>\n02. Solitary Mind \u2013 4:44<br \/>\n03. Haunted by your Ghosts \u2013 4:25<br \/>\n04. Based on a True Story \u2013 5:13<br \/>\n05. Infallible Emperor (1956) \u2013 5:34<br \/>\n06. Angel of the Stereo \u2013 3:51<br \/>\n07. Your Skin and Bones \u2013 3:36<br \/>\n08. The Reason of your Conviction \u2013 3:46<br \/>\n09. Time to Forget \u2013 4:05<br \/>\n10. Call me in the Name of Death \u2013 4:32<br \/>\n11. To Tame a Land \u2013 4:36<br \/>\n12. Dreaming of Black Waves \u2013 3:49<br \/>\n13. Colorblind \u2013 4:08<br \/>\n14. Forgive the Pain \u2013 5:40<br \/>\n15. Inside your Soul \u2013 5:34<\/p>\n<p><img decoding=\"async\" src=\"http:\/\/hangar.mus.br\/website\/wp-content\/themes\/jduartedesign\/images\/lined_broken.png\" alt=\"\" width=\"100%\"\/><\/p>\n<p><a href=\"http:\/\/www.diehard.com.br\/lojaweb\/detalhes.asp?codprod=8568&amp;codtipo=1\" target=\"_blank\" rel=\"noopener noreferrer\"><img loading=\"lazy\" decoding=\"async\" class=\"alignright size-medium wp-image-604\" src=\"http:\/\/hangar.mus.br\/website\/wp-content\/uploads\/2014\/10\/iys_cover_20111-297x300.jpg\" alt=\"\" width=\"138\" height=\"138\" \/><\/a><strong>INSIDE YOUR SOUL &#8211; 2011 &#8211; Relan\u00e7amento<\/strong><\/p>\n<p>01. The Soul Collector<br \/>\n02. Inside Your Soul<br \/>\n03. Massacre Trilogy I \u2013 Sailing in the Sea of Sorrow<br \/>\n04. Massacre Trilogy II \u2013 To Tame a Land<br \/>\n05. Massacre Trilogy III \u2013 Five Hundred\u2019s Enough<br \/>\n06. Savior<br \/>\n07. The Vision<br \/>\n08. Legions of Fate<br \/>\n09. Living in Trouble Part I<br \/>\n10. Living in Trouble Part II<br \/>\n11. No Command<br \/>\n12. Falling in Disgrace<br \/>\n13. Legions of Fate (Demo Version 2000)<br \/>\n14. Savior (Demo Version 2000)<br \/>\n15. Forever Will Be (Demo 2002)<\/p>\n<p><strong>Informa\u00e7\u00f5es T\u00e9cnicas<\/strong><br \/>\nProduzido por Aquiles Priester<br \/>\nEngenharia de som por Philip Colodetti, Glenn ZOlotar e Ricardo Nagata.<br \/>\nMixado por Philip Colodetti e Aquiles Priester<br \/>\nAssist\u00eancia por ROnaldo Simolla e Jefferson Gomes<br \/>\nGravado, Mixado e Masterizado no Creative Sound Studio S\u00e3o Paulo \u2013 Brasil de novembro de 2000 a mar\u00e7o de 2001.<br \/>\nRemasterizado por Heros Trench no Mr. Som Studios em novembro de 2010<br \/>\nDire\u00e7\u00e3o de Arte, Ilustra\u00e7\u00e3o Digital e Logo da Banda por Rodrigo Cruz<br \/>\nConceito da capa por Aquiles Priester e Rodrigo Cruz<br \/>\nFotos por Est\u00fadio F \u2013 Foguinho 2011 Design por Vanessa Doi<\/p>\n<p>Participa\u00e7\u00f5es Especiais: F\u00e1bio Laguna, Edu Ardanuy e Ronaldo Simolla<\/p>\n<p>Vers\u00e3o Demo de Legions of Fate e Savior por Cristiano Wortmann nas guitarras<\/p>\n<p>Hangar: Michael Polchowicz \u2013 Vocal, Eduardo Martinez \u2013 Guitarra, Nando Mello \u2013 Baixo, Aquiles Priester \u2013 Bateria<\/p>\n<p><img decoding=\"async\" src=\"http:\/\/hangar.mus.br\/website\/wp-content\/themes\/jduartedesign\/images\/lined_broken.png\" alt=\"\" width=\"100%\"\/><\/p>\n<p><a href=\"http:\/\/www.diehard.com.br\/lojaweb\/detalhes.asp?codprod=21682&amp;codtipo=1\" target=\"_blank\" rel=\"noopener noreferrer\"><img loading=\"lazy\" decoding=\"async\" class=\"alignright size-full wp-image-601\" src=\"http:\/\/hangar.mus.br\/website\/wp-content\/uploads\/2020\/07\/infallible.jpg\" alt=\"\" width=\"138\" height=\"138\" \/><\/a><strong>INFALLIBLE &#8211; 2009 &#8211; Dynamo Records<\/strong><\/p>\n<p>01. The Infallible Emperor (1956)<br \/>\n02. Colorblind<br \/>\n03. Solitary Mind<br \/>\n04. Time to Forget<br \/>\n05. A Miracle in my Life<br \/>\n06. The Garden<br \/>\n07. Dreaming of Black Waves<br \/>\n08. Based on a True Story<br \/>\n09. Handwritten<br \/>\n10. Some Light to Find my Way<br \/>\n11. 39\u2019 \u2013 (Bonus Track)<br \/>\n12. Mais uma Vez \u2013 (Brazilian Bonus Track)<br \/>\n13. Like a Wind in the Sky (Japanese Bonus Track)<\/p>\n<p><strong>Informa\u00e7\u00f5es T\u00e9cnicas<\/strong><br \/>\nProduzidos por Aquiles Priester<br \/>\nMixado e masterizado por Tommy Newton no Area 51 Studio (Celle &#8211; Alemanha) em junho de 2009<br \/>\nTodas as m\u00fasicas arranjadas e executadas por Hangar<br \/>\nCo-produzido e gravado por Adair Daufembach no mobile Daufembach Studio (ninho das \u00e1guias farm) em Tatui\/SP de mar\u00e7o a maio de 2009<br \/>\nBateria gravada no Magic Place studio &#8211; Florian\u00f3polis\/SC por Renato Pimentel<br \/>\nRoupa Nova gravado no est\u00fadio Mega &#8211; Rio de Janeiro\/RJ por Moogie Can\u00e1zio, com assist\u00eancia de Augusto C\u00e9sar<br \/>\nDire\u00e7\u00e3o de Arte e capa por Vanessa Doi e Luciano Sorrentino<br \/>\nConceito de capa por Aquiles Priester<br \/>\nFotografia por Antonio Rossa &#8211; Transitoriamente<\/p>\n<p>Participa\u00e7\u00f5es Especiais<br \/>\nRoupa Nova &#8211; Vozes na faixa 12 (Roupa Nova aparece como cortesia da Roupa Nova music)<br \/>\nTheo Vieira &#8211; Vocal na faixa 04<br \/>\nStefanie Schirmbeck &#8211; Vocal na faixa 07<br \/>\nSam Santiago &#8211; Percussion na faixa 12<br \/>\nAdair Daufembach &#8211; Primeiro solo de guitarra na faixa 06 e Solo na faixa 12<\/p>\n<p><img decoding=\"async\" src=\"http:\/\/hangar.mus.br\/website\/wp-content\/themes\/jduartedesign\/images\/lined_broken.png\" alt=\"\" width=\"100%\"\/><\/p>\n<p><a href=\"http:\/\/www.diehard.com.br\/lojaweb\/detalhes.asp?codprod=19423&amp;codtipo=15\" target=\"_blank\" rel=\"noopener noreferrer\"><img loading=\"lazy\" decoding=\"async\" class=\"alignright size-full wp-image-599\" src=\"http:\/\/hangar.mus.br\/website\/wp-content\/uploads\/2020\/07\/lasttime2.jpg\" alt=\"\" width=\"138\" height=\"138\" \/><\/a><strong>LAST TIME WAS JUST THE BEGINNING &#8211; 2008 &#8211; Dynamo Records<br \/>\n<\/strong><br \/>\n01. The secrets of the sea<br \/>\n02. Like a wind in the sky<br \/>\n03. Voices<br \/>\n04. Absinth<br \/>\n05. Last Time<br \/>\n06. Angel of the stereo<br \/>\n07. Speed Limit 55<br \/>\n08. Lost Dreambonus track:<br \/>\nAngel of the Stereo [regrava\u00e7\u00e3o]<br \/>\nAsk the lonely [cover do Journey]<\/p>\n<p>No DVD cont\u00e9m uma entrevista, fotos e a v\u00eddeo hist\u00f3ria da banda filmada pelos pr\u00f3prios integrantes, al\u00e9m de toda a pr\u00e9-produ\u00e7\u00e3o do \u00e1lbum The Reason of your Conviction.<\/p>\n<p><strong>Informa\u00e7\u00f5es T\u00e9cnicas<\/strong><br \/>\nProduzido por Hangar<br \/>\nGravado e Mixado no Acit Studio B de novembro de 1998 a mar\u00e7o de 1999<br \/>\nAssist\u00eancia de Lu\u00eds Lau and Ronaldinho<br \/>\nMasterizado por Pedrinho Figueiredo no Primeira Impress\u00e3o Studio<br \/>\nRemasterizado por Heros Trench no Mr. Som Studio em maio de 2007.<\/p>\n<p>Todas as m\u00fasicas foram escritas, arranjadas e gravadas pelo Hangar<br \/>\nTodos os baixos gravados por Cristiano Wortmann<br \/>\nDire\u00e7\u00e3o de Arte e capa por Luciano Sorrentino<br \/>\nConceito da capa por Aquiles Priester<br \/>\nFoto Original do Hangar por Est\u00fadio F &#8211; Foguinho (1999)<br \/>\nFoto Hangar por Miguel Meggar (2005)<\/p>\n<p><img decoding=\"async\" src=\"http:\/\/hangar.mus.br\/website\/wp-content\/themes\/jduartedesign\/images\/lined_broken.png\" alt=\"\" width=\"100%\"\/><\/p>\n<p><a href=\"http:\/\/www.diehard.com.br\/lojaweb\/detalhes.asp?codprod=17334&amp;codtipo=15\" target=\"_blank\" rel=\"noopener noreferrer\"><img loading=\"lazy\" decoding=\"async\" class=\"alignright size-full wp-image-596\" src=\"http:\/\/hangar.mus.br\/website\/wp-content\/uploads\/2020\/07\/troyc.jpg\" alt=\"\" width=\"138\" height=\"138\" \/><\/a><strong>THE REASON OF YOUR CONVICTION &#8211; 2007 &#8211; Spiritual Beast Jap\u00e3o<br \/>\n<\/strong><br \/>\n01. Just The Beginning<br \/>\n02. The Reason Of Your Conviction<br \/>\n03. Hastiness<br \/>\n04. Call Me In The Name Of Death<br \/>\n05. Forgive The Pain<br \/>\n06. Captivity (A House with a thousand rooms)<br \/>\n07. Forgotten Pictures<br \/>\n08. Everlasting Is The Salvation<br \/>\n09. One More Chance<br \/>\n10. When The Darkness Takes You<br \/>\n11. Your Skin and Bones (Bonus Track for Japan)<br \/>\nVideos Bonus:<br \/>\nCall Me In The Name Of Death<\/p>\n\n<p>Call Me In The Name Of Death [making of]<\/p>\n<p><strong>Informa\u00e7\u00f5es T\u00e9cnicas<\/strong><br \/>\nProduzido por Aquiles Priester<br \/>\nCo-Produzido por Heros Trench, Marcello Pompeu e F\u00e1bio Laguna<br \/>\nEngenharia de som por Heros Trench, Marcello Pompeu, Cristiano Schneider e Rafael Lopes<br \/>\nGravado no Mr. Som Studios S\u00e3o Paulo &#8211; Brasil de julho de 2006 a janeiro de 2007<\/p>\n<p>Mixado e masterizado por Tommy Newton no Area 51 Studio (Celle &#8211; Alemanha) em mar\u00e7o de 2007<br \/>\nDire\u00e7\u00e3o de arte por Luciano Sorrentino e Patricia Priester<br \/>\nCapa por Fabio Emerson Pinto<br \/>\nFotografia por Carina Zaratin<br \/>\nFotografia do Making of por Ricardo Zupa<\/p>\n<p>Participa\u00e7\u00f5es Especiais: Arnaldo Antunes na Faixa 01, Vitor Rodrigues nas faixas 03 e 08, Antoniela do Canto nas Faixas 01,04,08 e 10<\/p>\n<p><img decoding=\"async\" src=\"http:\/\/hangar.mus.br\/website\/wp-content\/themes\/jduartedesign\/images\/lined_broken.png\" alt=\"\" width=\"100%\"\/><\/p>\n<p><a href=\"http:\/\/www.diehard.com.br\/lojaweb\/detalhes.asp?codprod=15627\" target=\"_blank\" rel=\"noopener noreferrer\"><img loading=\"lazy\" decoding=\"async\" class=\"alignright size-full wp-image-586\" src=\"http:\/\/hangar.mus.br\/website\/wp-content\/uploads\/2014\/10\/iys_cover_20111.jpg\" alt=\"\" width=\"138\" height=\"138\" \/><\/a><strong>INSIDE YOUR SOUL &#8211; 2001 &#8211; Die Hard Records<\/strong><\/p>\n<p>01. The Soul Collector<br \/>\n02. Inside Your Soul<br \/>\n03. Massacre Trilogy I \u2013 Sailing in the Sea of Sorrow<br \/>\n04. Massacre Trilogy II \u2013 To Tame a Land<br \/>\n05. Massacre Trilogy III \u2013 Five Hundred\u2019s Enough<br \/>\n06. Savior<br \/>\n07. The Vision<br \/>\n08. Legions of Fate<br \/>\n09. Living in Trouble Part I<br \/>\n10. Living in Trouble Part II<br \/>\n11. No Command<br \/>\n12. Falling in Disgrace<br \/>\n13. Perfect Strangers (bonus)<\/p>\n<p><strong>Informa\u00e7\u00f5es T\u00e9cnicas<\/strong><br \/>\nProduzido por Aquiles Priester<br \/>\nEngenharia de som por Philip Colodetti, Glenn ZOlotar e Ricardo Nagata.<br \/>\nMixado por Philip Colodetti e Aquiles Priester<br \/>\nAssist\u00eancia por ROnaldo Simolla e Jefferson Gomes<br \/>\nGravado, MIxado e Masterizado no Creative Sound Studio S\u00e3o Paulo &#8211; Brasil de novembro de 2000 a mar\u00e7o de 2001.<\/p>\n<p>Dire\u00e7\u00e3o de Arte, Ilustra\u00e7\u00e3o Digital e Logo da Banda por Rodrigo Cruz<br \/>\nConceito da capa por Aquiles Priester e Rodrigo Cruz<br \/>\nFotos por Est\u00fadio F &#8211; Foguinho<\/p>\n<p>Participa\u00e7\u00f5es Especiais: F\u00e1bio Laguna, Edu Ardanuy e Ronaldo Simolla<\/p>\n<p>Hangar: Michael Polchowicz &#8211; Vocal, Eduardo Martinez &#8211; Guitarra, Nando Mello &#8211; Baixo, Aquiles Priester &#8211; Bateria<\/p>\n<p><img decoding=\"async\" src=\"http:\/\/hangar.mus.br\/website\/wp-content\/themes\/jduartedesign\/images\/lined_broken.png\" alt=\"\" width=\"100%\"\/><\/p>\n<p><a href=\"http:\/\/www.diehard.com.br\/lojaweb\/detalhes.asp?codprod=15628\" target=\"_blank\" rel=\"noopener noreferrer\"><img loading=\"lazy\" decoding=\"async\" class=\"alignright size-full wp-image-585\" src=\"http:\/\/hangar.mus.br\/website\/wp-content\/uploads\/2020\/07\/last-time.jpg\" alt=\"\" width=\"138\" height=\"138\" \/><\/a><strong>LAST TIME &#8211; 1999 &#8211; Independente<\/strong><\/p>\n<p>01. The Secrets of the Sea<br \/>\n02. Like a Wind in the Sky<br \/>\n03. Voices<br \/>\n04. Absinth<br \/>\n05. Last Time<br \/>\n06. Angel of the Stereo<br \/>\n07. Speed Limit 55<br \/>\n08. Lost Dream<\/p>\n<p><strong>Informa\u00e7\u00f5es T\u00e9cnicas<\/strong><br \/>\nProduzido por Hangar. Mixado por Marcelo Castilhos e Hangar<br \/>\nGravado e Mixado no Acit Studio B de novembro de 1998 a mar\u00e7o de 1999<br \/>\nAssist\u00eancia de Lu\u00eds Lau and Ronaldinho<br \/>\nMasterizado por Pedrinho Figueiredo no Primeira Impress\u00e3o Studio<\/p>\n<p>Todas as m\u00fasicas foram escritas, arranjadas e gravadas pelo Hangar<br \/>\nTodos os baixos gravados por Cristiano Wortmann<br \/>\nDire\u00e7\u00e3o de Arte e capa por Luciano Sorrentino<br \/>\nConceito da capa por Aquiles Priester<br \/>\nFoto Original do Hangar por Est\u00fadio F &#8211; Foguinho (1999)<br \/>\nFoto Hangar por Miguel Meggar (2005)<\/p>\n<p><img decoding=\"async\" src=\"http:\/\/hangar.mus.br\/website\/wp-content\/themes\/jduartedesign\/images\/lined_broken.png\" alt=\"\" width=\"100%\"\/><\/p>\n<p><a href=\"http:\/\/www.diehard.com.br\/lojaweb\/detalhes.asp?codprod=8566\" target=\"_blank\" rel=\"noopener noreferrer\"><img loading=\"lazy\" decoding=\"async\" class=\"alignright size-full wp-image-583\" src=\"http:\/\/hangar.mus.br\/website\/wp-content\/uploads\/2020\/07\/hamlet.jpg\" alt=\"\" width=\"138\" height=\"138\" \/><\/a><strong>WILLIAM SHAKESPEARE\u00b4S HAMLET PROJECT &#8211; 2001 &#8211; Die Hard Records<\/strong><\/p>\n<p>Projeto com v\u00e1rias bandas nacionais<br \/>\n14. Hidden By Shadows (Hangar)<\/p>\n","protected":false},"excerpt":{"rendered":"<p>Discografia HANGAR LIVE IN BRUSQUE\/SC, BRAZIL \u2013 DVD DVD 1: 01. The Sounds of our Story 02. Reality is a Prison 03. The Revenant 04. Forgive the Pain 05. The Infallible Emperor (1956) 06. Beauty in Disrepair 07. To Tame a Land 08. Forest of Forgotten 09. One More Chance 10. Just Like Heaven 11. [&hellip;]<\/p>\n","protected":false},"author":1,"featured_media":0,"parent":0,"menu_order":0,"comment_status":"open","ping_status":"open","template":"page-one-sidebar.php","meta":{"footnotes":""},"class_list":["post-9","page","type-page","status-publish","hentry"],"_links":{"self":[{"href":"https:\/\/hangar.mus.br\/website\/wp-json\/wp\/v2\/pages\/9","targetHints":{"allow":["GET"]}}],"collection":[{"href":"https:\/\/hangar.mus.br\/website\/wp-json\/wp\/v2\/pages"}],"about":[{"href":"https:\/\/hangar.mus.br\/website\/wp-json\/wp\/v2\/types\/page"}],"author":[{"embeddable":true,"href":"https:\/\/hangar.mus.br\/website\/wp-json\/wp\/v2\/users\/1"}],"replies":[{"embeddable":true,"href":"https:\/\/hangar.mus.br\/website\/wp-json\/wp\/v2\/comments?post=9"}],"version-history":[{"count":0,"href":"https:\/\/hangar.mus.br\/website\/wp-json\/wp\/v2\/pages\/9\/revisions"}],"wp:attachment":[{"href":"https:\/\/hangar.mus.br\/website\/wp-json\/wp\/v2\/media?parent=9"}],"curies":[{"name":"wp","href":"https:\/\/api.w.org\/{rel}","templated":true}]}}